{"id":5,"date":"2023-11-05T17:37:54","date_gmt":"2023-11-05T16:37:54","guid":{"rendered":"https:\/\/iqcyber.org\/?page_id=5"},"modified":"2023-11-05T17:37:54","modified_gmt":"2023-11-05T16:37:54","slug":"a-propos","status":"publish","type":"page","link":"https:\/\/iqcyber.org\/?page_id=5","title":{"rendered":"A propos"},"content":{"rendered":"\n<h2 class=\"wp-block-heading\">IQ Cyber<\/h2>\n\n\n\n<p>IQ Cyber est l&#8217;association pour l\u2019innovation en quantification, mesure et \u00e9valuation des Risques Cyber. <\/p>\n\n\n\n<p>Elle a pour but, en France et partout dans le monde&nbsp;:<\/p>\n\n\n\n<ul>\n<li>La recherche, la structuration, l\u2019information, la promotion et la valorisation des techniques et m\u00e9thodes de quantification, mesure et \u00e9valuation du risque en mati\u00e8re de Cybers\u00e9curit\u00e9 au sein des entreprises, associations et administrations&nbsp;d\u2019un point de vue math\u00e9matique, technique et financi\u00e8re ;<\/li>\n<\/ul>\n\n\n\n<ul>\n<li>La formation, l\u2019excellence et la reconnaissance des professionnels intervenant en mati\u00e8re de quantification, mesure et \u00e9valuation du risque en mati\u00e8re de Cybers\u00e9curit\u00e9, la promotion de m\u00e9thodes respectueuses de l\u2019ensemble des intervenants impliqu\u00e9s et la cr\u00e9ation de codes de bonne conduite, la labellisation des intervenants r\u00e9pondant aux crit\u00e8res d\u2019excellence,&nbsp;<\/li>\n<\/ul>\n\n\n\n<ul>\n<li>La bonne information des personnes ayant des besoins en mati\u00e8re de quantification, mesure et \u00e9valuation du risque en mati\u00e8re de Cybers\u00e9curit\u00e9, la contribution \u00e0 des publications, annuaires professionnels, l\u2019organisation ou la pr\u00e9sence \u00e0 des congr\u00e8s, \u00e9v\u00e9nements professionnels ou non, colloques et travaux scientifiques, techniques, juridiques, r\u00e9glementaires ou organisationnels,<\/li>\n<\/ul>\n\n\n\n<ul>\n<li>Le dialogue avec les autorit\u00e9s, l\u2019organisation et le maintien d\u2019un cadre juridique et \u00e9conomique favorable&nbsp;;<\/li>\n<\/ul>\n\n\n\n<ul>\n<li>Le dialogue et la n\u00e9gociation interprofessionnels et avec les intervenants de la fili\u00e8re risque et cybers\u00e9curit\u00e9&nbsp;;&nbsp;<\/li>\n<\/ul>\n\n\n\n<p>Le tout dans le respect des r\u00e8gles et valeurs d\u00e9mocratiques lib\u00e9rales et des Droits de l\u2019homme, au rang desquels figurent l\u2019\u00e9galit\u00e9 intrins\u00e8que de valeur entre tous les hommes, sans distinction d\u2019origine, d\u2019opinion politique ou religieuse, de sexe, d\u2019\u00e2ge, de situation ou de condition financi\u00e8re, physique ou mentale.&nbsp;<\/p>\n\n\n\n<p><\/p>\n","protected":false},"excerpt":{"rendered":"<p>IQ Cyber IQ Cyber est l&#8217;association pour l\u2019innovation en quantification, mesure et \u00e9valuation des Risques Cyber. Elle a pour but, en France et partout dans le monde&nbsp;: Le tout dans le respect des r\u00e8gles et valeurs d\u00e9mocratiques lib\u00e9rales et des Droits de l\u2019homme, au rang desquels figurent l\u2019\u00e9galit\u00e9 intrins\u00e8que de [&hellip;]<\/p>\n","protected":false},"author":1,"featured_media":0,"parent":0,"menu_order":0,"comment_status":"closed","ping_status":"closed","template":"","meta":[],"_links":{"self":[{"href":"https:\/\/iqcyber.org\/index.php?rest_route=\/wp\/v2\/pages\/5"}],"collection":[{"href":"https:\/\/iqcyber.org\/index.php?rest_route=\/wp\/v2\/pages"}],"about":[{"href":"https:\/\/iqcyber.org\/index.php?rest_route=\/wp\/v2\/types\/page"}],"author":[{"embeddable":true,"href":"https:\/\/iqcyber.org\/index.php?rest_route=\/wp\/v2\/users\/1"}],"replies":[{"embeddable":true,"href":"https:\/\/iqcyber.org\/index.php?rest_route=%2Fwp%2Fv2%2Fcomments&post=5"}],"version-history":[{"count":3,"href":"https:\/\/iqcyber.org\/index.php?rest_route=\/wp\/v2\/pages\/5\/revisions"}],"predecessor-version":[{"id":23,"href":"https:\/\/iqcyber.org\/index.php?rest_route=\/wp\/v2\/pages\/5\/revisions\/23"}],"wp:attachment":[{"href":"https:\/\/iqcyber.org\/index.php?rest_route=%2Fwp%2Fv2%2Fmedia&parent=5"}],"curies":[{"name":"wp","href":"https:\/\/api.w.org\/{rel}","templated":true}]}}